{"id":9,"date":"2020-03-30T14:02:43","date_gmt":"2020-03-30T12:02:43","guid":{"rendered":"http:\/\/morrigangames.com\/?page_id=9"},"modified":"2025-05-20T10:38:15","modified_gmt":"2025-05-20T08:38:15","slug":"hello-from-reykjavik","status":"publish","type":"page","link":"https:\/\/morrigangames.com\/","title":{"rendered":""},"content":{"rendered":"\n<h2>Bienvenue chez Morrigan Games<\/h2>\n\n\n\n<p class=\"has-extra-large-font-size\">Nous sommes un jeune studio qui a pour objectif de faire vivre aux joueurs-ses des aventures palpitantes, quel que soit le support.<\/p>\n\n\n\n<figure class=\"wp-block-image size-large\"><a href=\"https:\/\/gamefound.com\/projects\/morrigan-games\/space-station?refcode=uv4md4nitUioyHzDCqfaXg\"><img loading=\"lazy\" width=\"1024\" height=\"576\" src=\"https:\/\/morrigangames.com\/wp-content\/uploads\/2025\/02\/Jeu-1024x576.png\" alt=\"\" class=\"wp-image-387\" srcset=\"https:\/\/morrigangames.com\/wp-content\/uploads\/2025\/02\/Jeu-1024x576.png 1024w, https:\/\/morrigangames.com\/wp-content\/uploads\/2025\/02\/Jeu-300x169.png 300w, https:\/\/morrigangames.com\/wp-content\/uploads\/2025\/02\/Jeu-768x432.png 768w, https:\/\/morrigangames.com\/wp-content\/uploads\/2025\/02\/Jeu-1536x864.png 1536w, https:\/\/morrigangames.com\/wp-content\/uploads\/2025\/02\/Jeu.png 1920w\" sizes=\"(max-width: 1024px) 100vw, 1024px\" \/><\/a><\/figure>\n\n\n\n<h2>Maintenant sur Gamefound !<\/h2>\n\n\n\n<p>La campagne de crowdfunding est lanc\u00e9e !<\/p>\n\n\n\n<p>Explorez l&#8217;espace et affrontez ses dangers <a href=\"https:\/\/gamefound.com\/projects\/morrigan-games\/space-station?refcode=uv4md4nitUioyHzDCqfaXg\">ici<\/a>.<\/p>\n\n\n\n<p>Plus d&#8217;informations sur la<a href=\"https:\/\/morrigangames.com\/index.php\/le-jeu-de-societe\/\" data-type=\"page\" data-id=\"314\"> page d\u00e9di\u00e9e<\/a>.<\/p>\n\n\n\n<hr class=\"wp-block-separator has-css-opacity is-style-wide\"\/>\n\n\n\n<figure class=\"wp-block-image size-large\"><img loading=\"lazy\" width=\"1024\" height=\"271\" src=\"http:\/\/morrigangames.com\/wp-content\/uploads\/2024\/12\/library_logo_transparent_french-e1734364765951-1024x271.png\" alt=\"\" class=\"wp-image-352\" srcset=\"https:\/\/morrigangames.com\/wp-content\/uploads\/2024\/12\/library_logo_transparent_french-e1734364765951-1024x271.png 1024w, https:\/\/morrigangames.com\/wp-content\/uploads\/2024\/12\/library_logo_transparent_french-e1734364765951-300x79.png 300w, https:\/\/morrigangames.com\/wp-content\/uploads\/2024\/12\/library_logo_transparent_french-e1734364765951-768x203.png 768w, https:\/\/morrigangames.com\/wp-content\/uploads\/2024\/12\/library_logo_transparent_french-e1734364765951.png 1280w\" sizes=\"(max-width: 1024px) 100vw, 1024px\" \/><\/figure>\n\n\n\n<p><strong>Space Station Adventure<\/strong><em> MARS ne r\u00e9pond<\/em> plus est maintenant disponible ! Embarquez dans une aventure de Science-Fiction pleine de rebondissements !<\/p>\n\n\n\n<p>D\u00e9couvrez-en davantage sur la<a href=\"https:\/\/morrigangames.com\/index.php\/mars-ne-repond-plus\/\" data-type=\"page\" data-id=\"313\"> page d\u00e9di\u00e9e<\/a>.<\/p>\n\n\n\n<div style=\"height:42px\" aria-hidden=\"true\" class=\"wp-block-spacer\"><\/div>\n\n\n\n<hr class=\"wp-block-separator has-alpha-channel-opacity\"\/>\n\n\n\n<h2 class=\"has-text-align-center\">Ne manquez aucune info<\/h2>\n\n\n\n<p class=\"has-text-align-center\">Inscrivez-vous \u00e0 notre newsletter pour recevoir les derni\u00e8res nouvelles concernant nos projets en cours et \u00e0 venir.<\/p>\n\n\n\n<div class=\"wp-block-button aligncenter\"><a class=\"wp-block-button__link has-color-intro-text-mod-background-color has-background\" href=\"http:\/\/eepurl.com\/gVTP31\">inscription \u2192<\/a><\/div>\n\n\n\n<hr class=\"wp-block-separator has-css-opacity is-style-wide\"\/>\n\n\n\n<p>Ils nous soutiennent :<\/p>\n\n\n\n<div class=\"wp-container-3 wp-block-columns\">\n<div class=\"wp-container-1 wp-block-column\">\n<figure class=\"wp-block-image size-large is-resized\"><img loading=\"lazy\" src=\"http:\/\/morrigangames.com\/wp-content\/uploads\/2021\/06\/frenchtech.png\" alt=\"\" class=\"wp-image-201\" width=\"181\" height=\"181\" srcset=\"https:\/\/morrigangames.com\/wp-content\/uploads\/2021\/06\/frenchtech.png 454w, https:\/\/morrigangames.com\/wp-content\/uploads\/2021\/06\/frenchtech-300x300.png 300w, https:\/\/morrigangames.com\/wp-content\/uploads\/2021\/06\/frenchtech-150x150.png 150w\" sizes=\"(max-width: 181px) 100vw, 181px\" \/><\/figure>\n<\/div>\n\n\n\n<div class=\"wp-container-2 wp-block-column is-vertically-aligned-center\"><div class=\"wp-block-image\">\n<figure class=\"aligncenter size-large is-resized\"><img loading=\"lazy\" src=\"http:\/\/morrigangames.com\/wp-content\/uploads\/2021\/06\/LOGO_REGION_RVB-BLEU-GRIS-1024x237.png\" alt=\"\" class=\"wp-image-202\" width=\"328\" height=\"75\" srcset=\"https:\/\/morrigangames.com\/wp-content\/uploads\/2021\/06\/LOGO_REGION_RVB-BLEU-GRIS-1024x237.png 1024w, https:\/\/morrigangames.com\/wp-content\/uploads\/2021\/06\/LOGO_REGION_RVB-BLEU-GRIS-300x69.png 300w, https:\/\/morrigangames.com\/wp-content\/uploads\/2021\/06\/LOGO_REGION_RVB-BLEU-GRIS-768x178.png 768w, https:\/\/morrigangames.com\/wp-content\/uploads\/2021\/06\/LOGO_REGION_RVB-BLEU-GRIS.png 1313w\" sizes=\"(max-width: 328px) 100vw, 328px\" \/><\/figure><\/div><\/div>\n<\/div>\n","protected":false},"excerpt":{"rendered":"<div class=\"entry-summary\">\n<div class=\"entry-summary\">\nBienvenue chez Morrigan Games Nous sommes un jeune studio qui a pour objectif de faire vivre aux joueurs-ses des aventures palpitantes, quel que soit le support. Maintenant sur Gamefound ! La campagne de crowdfunding est lanc\u00e9e ! Explorez l&#8217;espace et&hellip;\n<\/div>\n<div class=\"link-more\"><a href=\"https:\/\/morrigangames.com\/\" class=\"more-link\">Continue reading&hellip;<\/a><\/div>\n<\/div>\n<div class=\"link-more\"><a href=\"https:\/\/morrigangames.com\/\" class=\"more-link\">Continue reading&hellip;<\/a><\/div>\n","protected":false},"author":1,"featured_media":0,"parent":0,"menu_order":0,"comment_status":"closed","ping_status":"closed","template":"templates\/intro-widgets.php","meta":[],"acf":[],"_links":{"self":[{"href":"https:\/\/morrigangames.com\/index.php\/wp-json\/wp\/v2\/pages\/9"}],"collection":[{"href":"https:\/\/morrigangames.com\/index.php\/wp-json\/wp\/v2\/pages"}],"about":[{"href":"https:\/\/morrigangames.com\/index.php\/wp-json\/wp\/v2\/types\/page"}],"author":[{"embeddable":true,"href":"https:\/\/morrigangames.com\/index.php\/wp-json\/wp\/v2\/users\/1"}],"replies":[{"embeddable":true,"href":"https:\/\/morrigangames.com\/index.php\/wp-json\/wp\/v2\/comments?post=9"}],"version-history":[{"count":31,"href":"https:\/\/morrigangames.com\/index.php\/wp-json\/wp\/v2\/pages\/9\/revisions"}],"predecessor-version":[{"id":396,"href":"https:\/\/morrigangames.com\/index.php\/wp-json\/wp\/v2\/pages\/9\/revisions\/396"}],"wp:attachment":[{"href":"https:\/\/morrigangames.com\/index.php\/wp-json\/wp\/v2\/media?parent=9"}],"curies":[{"name":"wp","href":"https:\/\/api.w.org\/{rel}","templated":true}]}}