{"id":36,"date":"2020-04-06T12:09:44","date_gmt":"2020-04-06T10:09:44","guid":{"rendered":"http:\/\/morrigangames.com\/?page_id=36"},"modified":"2022-11-14T09:36:30","modified_gmt":"2022-11-14T08:36:30","slug":"einherjar","status":"publish","type":"page","link":"https:\/\/morrigangames.com\/index.php\/einherjar\/","title":{"rendered":"Einherjar"},"content":{"rendered":"<div class=\"alignwide-wrap\" data-block=\"image\">\n<figure class=\"wp-block-image alignwide size-large\"><img loading=\"lazy\" width=\"1024\" height=\"400\" src=\"http:\/\/morrigangames.com\/wp-content\/uploads\/2022\/10\/banniere-fr-1024x400.jpg\" alt=\"\" class=\"wp-image-279\" srcset=\"https:\/\/morrigangames.com\/wp-content\/uploads\/2022\/10\/banniere-fr-1024x400.jpg 1024w, https:\/\/morrigangames.com\/wp-content\/uploads\/2022\/10\/banniere-fr-300x117.jpg 300w, https:\/\/morrigangames.com\/wp-content\/uploads\/2022\/10\/banniere-fr-768x300.jpg 768w, https:\/\/morrigangames.com\/wp-content\/uploads\/2022\/10\/banniere-fr-1536x600.jpg 1536w, https:\/\/morrigangames.com\/wp-content\/uploads\/2022\/10\/banniere-fr-2048x800.jpg 2048w\" sizes=\"(max-width: 1024px) 100vw, 1024px\" \/><\/figure>\n<\/div>\n\n\n<figure class=\"wp-block-image size-large\"><img loading=\"lazy\" width=\"1024\" height=\"864\" src=\"http:\/\/morrigangames.com\/wp-content\/uploads\/2022\/10\/Pub_Fr-1024x864.png\" alt=\"\" class=\"wp-image-292\" srcset=\"https:\/\/morrigangames.com\/wp-content\/uploads\/2022\/10\/Pub_Fr-1024x864.png 1024w, https:\/\/morrigangames.com\/wp-content\/uploads\/2022\/10\/Pub_Fr-300x253.png 300w, https:\/\/morrigangames.com\/wp-content\/uploads\/2022\/10\/Pub_Fr-768x648.png 768w, https:\/\/morrigangames.com\/wp-content\/uploads\/2022\/10\/Pub_Fr-1536x1295.png 1536w, https:\/\/morrigangames.com\/wp-content\/uploads\/2022\/10\/Pub_Fr.png 1967w\" sizes=\"(max-width: 1024px) 100vw, 1024px\" \/><\/figure>\n\n\n\n<div class=\"wp-block-button aligncenter\"><a class=\"wp-block-button__link\" href=\"https:\/\/www.kickstarter.com\/projects\/morrigangames\/einherjar\" target=\"_blank\" rel=\"noreferrer noopener\">Cliquez ici pour suivre la page Kickstarter<\/a><\/div>\n\n\n<div class=\"alignwide-wrap\" data-block=\"media-text\">\n<div class=\"wp-block-media-text alignwide is-stacked-on-mobile is-vertically-aligned-top\"><figure class=\"wp-block-media-text__media\"><img loading=\"lazy\" width=\"595\" height=\"842\" src=\"http:\/\/morrigangames.com\/wp-content\/uploads\/2022\/11\/CouvKit.png\" alt=\"\" class=\"wp-image-300 size-full\" srcset=\"https:\/\/morrigangames.com\/wp-content\/uploads\/2022\/11\/CouvKit.png 595w, https:\/\/morrigangames.com\/wp-content\/uploads\/2022\/11\/CouvKit-212x300.png 212w\" sizes=\"(max-width: 595px) 100vw, 595px\" \/><\/figure><div class=\"wp-block-media-text__content\">\n<p><\/p>\n\n\n\n<p class=\"has-text-align-center\"><strong>T\u00e9l\u00e9chargez gratuitement le Kit de d\u00e9couverte d&#8217;Einherjar <\/strong>!<\/p>\n\n\n\n<p>Dans celui-ci vous trouverez :<\/p>\n\n\n\n<ul><li>Un aper\u00e7u succinct du monde de Midgard<\/li><li><strong>Les crocs sous la montagne<\/strong> : un sc\u00e9nario cl\u00e9 en main pour 4 joueurs, illustrant les th\u00e9matiques abord\u00e9es par le jeu<\/li><li>4 personnages pr\u00e9-tir\u00e9s et des aides de jeu<\/li><\/ul>\n\n\n\n<div class=\"wp-container-1 wp-block-buttons\">\n<div class=\"wp-block-button aligncenter\"><a class=\"wp-block-button__link\" href=\"https:\/\/www.drivethrurpg.com\/product\/326002\/EINHERJAR-Kit-Decouverte\">T\u00e9l\u00e9charger ici<\/a><\/div>\n<\/div>\n<\/div><\/div>\n<\/div>\n\n\n<figure class=\"wp-block-image alignfull size-large\"><img loading=\"lazy\" width=\"1024\" height=\"576\" src=\"http:\/\/morrigangames.com\/wp-content\/uploads\/2020\/06\/Isvegg_EinarMartinsen_v03-1024x576.jpg\" alt=\"\" class=\"wp-image-92\" srcset=\"https:\/\/morrigangames.com\/wp-content\/uploads\/2020\/06\/Isvegg_EinarMartinsen_v03-1024x576.jpg 1024w, https:\/\/morrigangames.com\/wp-content\/uploads\/2020\/06\/Isvegg_EinarMartinsen_v03-300x169.jpg 300w, https:\/\/morrigangames.com\/wp-content\/uploads\/2020\/06\/Isvegg_EinarMartinsen_v03-768x432.jpg 768w, https:\/\/morrigangames.com\/wp-content\/uploads\/2020\/06\/Isvegg_EinarMartinsen_v03-1536x864.jpg 1536w, https:\/\/morrigangames.com\/wp-content\/uploads\/2020\/06\/Isvegg_EinarMartinsen_v03-2048x1152.jpg 2048w, https:\/\/morrigangames.com\/wp-content\/uploads\/2020\/06\/Isvegg_EinarMartinsen_v03-1920x1080.jpg 1920w\" sizes=\"(max-width: 1024px) 100vw, 1024px\" \/><\/figure>\n\n\n<div class=\"alignwide-wrap\" data-block=\"media-text\">\n<div class=\"wp-block-media-text alignwide has-media-on-the-right is-stacked-on-mobile\"><figure class=\"wp-block-media-text__media\"><img loading=\"lazy\" width=\"724\" height=\"1024\" src=\"http:\/\/morrigangames.com\/wp-content\/uploads\/2020\/06\/page04-724x1024.jpg\" alt=\"\" class=\"wp-image-116 size-full\" srcset=\"https:\/\/morrigangames.com\/wp-content\/uploads\/2020\/06\/page04-724x1024.jpg 724w, https:\/\/morrigangames.com\/wp-content\/uploads\/2020\/06\/page04-212x300.jpg 212w, https:\/\/morrigangames.com\/wp-content\/uploads\/2020\/06\/page04-768x1086.jpg 768w, https:\/\/morrigangames.com\/wp-content\/uploads\/2020\/06\/page04-1086x1536.jpg 1086w, https:\/\/morrigangames.com\/wp-content\/uploads\/2020\/06\/page04-1448x2048.jpg 1448w, https:\/\/morrigangames.com\/wp-content\/uploads\/2020\/06\/page04-scaled.jpg 1810w\" sizes=\"(max-width: 724px) 100vw, 724px\" \/><\/figure><div class=\"wp-block-media-text__content\">\n<p class=\"has-normal-font-size\"><strong>EINHERJAR, QU\u2019EST CE C&#8217;EST ?<\/strong><\/p>\n\n\n\n<p>Une saga \u00e9pique&#8230;<\/p>\n\n\n\n<ul><li>Une campagne \u00e9pique en 3 volumes : <strong>Les Pierres d&#8217;A\u00e9gir<\/strong><\/li><li>Un <strong>prologue<\/strong> int\u00e9grant la cr\u00e9ation de personnages 15 scenarios menant les joueurs jusqu&#8217;au <strong>niveau 14<\/strong><\/li><li>Plus de <strong>600 pages<\/strong> d&#8217;aventures<\/li><li>Enti\u00e8rement compatible <strong>OGL 5E<\/strong><\/li><\/ul>\n\n\n\n<p>&#8230;et un nouveau monde \u00e0 explorer.<\/p>\n\n\n\n<ul><li>Un <strong>Cadre de Campagne<\/strong> inspire des l\u00e9gendes nordiques<\/li><li>Un <strong>Atlas <\/strong>complet des <strong>Domaines Nordes<\/strong><\/li><li>De nouvelles <strong>races<\/strong> et options de cr\u00e9ation de personnages<\/li><li>Des <strong>pouvoirs et capacit\u00e9s<\/strong> octroy\u00e9es par les dieux<\/li><li>D&#8217;innombrables lieux \u00e0 d\u00e9couvrir<\/li><li>Le panth\u00e9on des <strong>Ases et des Vanes<\/strong> revisit\u00e9<\/li><li>Des dizaines d&#8217;amorces pour cr\u00e9er VOS propres aventures<\/li><li>De magnifiques illustrations de <strong>Cyril Pontet<\/strong>, <strong>Bernard Bittler<\/strong> et <strong>Einar Martinsen<\/strong><\/li><\/ul>\n<\/div><\/div>\n<\/div>\n\n\n<blockquote class=\"wp-block-quote\"><p>Odin envoya ses Walkyries fid\u00e8les,<\/p><p>Et aux \u00e9lus choisis conf\u00e9ra son pouvoir.<\/p><p>Devenus des surhommes et non plus des mortels,<\/p><p>De fiers guerriers des dieux, que l&#8217;on nomme Einherjar.<\/p><cite>Extrait de la l\u00e9gende du Ragnar\u00f6k<\/cite><\/blockquote>\n\n\n<div class=\"alignwide-wrap\" data-block=\"media-text\">\n<div class=\"wp-block-media-text alignwide is-stacked-on-mobile is-vertically-aligned-center\" style=\"grid-template-columns:52% auto\"><figure class=\"wp-block-media-text__media\"><img loading=\"lazy\" width=\"1024\" height=\"776\" src=\"http:\/\/morrigangames.com\/wp-content\/uploads\/2020\/06\/Domaine-Dickinsson-v3-1024x776.jpg\" alt=\"\" class=\"wp-image-104 size-full\" srcset=\"https:\/\/morrigangames.com\/wp-content\/uploads\/2020\/06\/Domaine-Dickinsson-v3-1024x776.jpg 1024w, https:\/\/morrigangames.com\/wp-content\/uploads\/2020\/06\/Domaine-Dickinsson-v3-300x227.jpg 300w, https:\/\/morrigangames.com\/wp-content\/uploads\/2020\/06\/Domaine-Dickinsson-v3-768x582.jpg 768w, https:\/\/morrigangames.com\/wp-content\/uploads\/2020\/06\/Domaine-Dickinsson-v3-1536x1164.jpg 1536w, https:\/\/morrigangames.com\/wp-content\/uploads\/2020\/06\/Domaine-Dickinsson-v3-2048x1552.jpg 2048w\" sizes=\"(max-width: 1024px) 100vw, 1024px\" \/><\/figure><div class=\"wp-block-media-text__content\">\n<p class=\"has-normal-font-size\">L&#8217;<strong>Atlas<\/strong> propose la description du monde de Midgard et son histoire, et s&#8217;attarde en particulier sur :<\/p>\n\n\n\n<ul><li>Le supercontinent de <strong>Niflheim<\/strong>, o\u00f9 pr\u00e9domine le peuple des <strong>Nordes<\/strong>.<\/li><li>Une description des <strong>Domaines<\/strong> majeurs, plac\u00e9s sous l&#8217;autorit\u00e9 de <strong>Jarls<\/strong>, chacun poss\u00e9dant sa propre ambiance, ses opportunit\u00e9s d&#8217;aventures h\u00e9ro\u00efques et ses lieux oubli\u00e9s emplis de myst\u00e8res et de dangers.<\/li><li>Un aper\u00e7u des territoires appartenant aux autres peuples civilis\u00e9s : les royaumes montagneux des <strong>Dvergar<\/strong>, les communaut\u00e9s sylvestres et nomades des <strong>Elfes Clairs<\/strong> et l&#8217;empire des <strong>Kh\u00e2\u00e2ns<\/strong>.<\/li><li>De vastes r\u00e9gions inexplor\u00e9es et hostiles, recelant maints tr\u00e9sors et autant de redoutables menaces, comme les <strong>D\u00e9solations<\/strong> ou le <strong>Pays des Trolls<\/strong>.<\/li><li>Une pr\u00e9sentation des <strong>factions<\/strong> majeures que l&#8217;on peut croiser dans la <strong>F\u00e9d\u00e9ration.<\/strong><\/li><\/ul>\n\n\n\n<p>Y sont d\u00e9crites aussi les caract\u00e9ristiques des races humano\u00efdes principales que l&#8217;on y croise, afin de donner plus de caract\u00e8res \u00e0 vos personnages joueurs ou non joueurs.<\/p>\n<\/div><\/div>\n<\/div>\n\n<div class=\"alignwide-wrap\" data-block=\"media-text\">\n<div class=\"wp-block-media-text alignwide has-media-on-the-right is-stacked-on-mobile\"><figure class=\"wp-block-media-text__media\"><img loading=\"lazy\" width=\"724\" height=\"1024\" src=\"http:\/\/morrigangames.com\/wp-content\/uploads\/2020\/06\/page02-1-724x1024.jpg\" alt=\"\" class=\"wp-image-106 size-full\" srcset=\"https:\/\/morrigangames.com\/wp-content\/uploads\/2020\/06\/page02-1-724x1024.jpg 724w, https:\/\/morrigangames.com\/wp-content\/uploads\/2020\/06\/page02-1-212x300.jpg 212w, https:\/\/morrigangames.com\/wp-content\/uploads\/2020\/06\/page02-1-768x1086.jpg 768w, https:\/\/morrigangames.com\/wp-content\/uploads\/2020\/06\/page02-1-1086x1536.jpg 1086w, https:\/\/morrigangames.com\/wp-content\/uploads\/2020\/06\/page02-1-1448x2048.jpg 1448w, https:\/\/morrigangames.com\/wp-content\/uploads\/2020\/06\/page02-1-scaled.jpg 1810w\" sizes=\"(max-width: 724px) 100vw, 724px\" \/><\/figure><div class=\"wp-block-media-text__content\">\n<p>Les <strong>Nordes<\/strong> sont fiers et braves, mais tr\u00e8s superstitieux. Descendants d&#8217;un peuple qui r\u00e9gna jadis sur tout <strong>Niflheim<\/strong> avant que le <strong>Grand Cataclysme<\/strong> n&#8217;emporte tout, ils survivent aujourd&#8217;hui au sein de leurs domaines, affrontant les rigueurs d&#8217;un climat hostile et la barbarie des Hommes-B\u00eates et des sauvages !<\/p>\n<\/div><\/div>\n<\/div>\n\n<div class=\"alignwide-wrap\" data-block=\"media-text\">\n<div class=\"wp-block-media-text alignwide is-stacked-on-mobile\"><figure class=\"wp-block-media-text__media\"><img loading=\"lazy\" width=\"724\" height=\"1024\" src=\"http:\/\/morrigangames.com\/wp-content\/uploads\/2020\/06\/page01-724x1024.jpg\" alt=\"\" class=\"wp-image-102 size-full\" srcset=\"https:\/\/morrigangames.com\/wp-content\/uploads\/2020\/06\/page01-724x1024.jpg 724w, https:\/\/morrigangames.com\/wp-content\/uploads\/2020\/06\/page01-212x300.jpg 212w, https:\/\/morrigangames.com\/wp-content\/uploads\/2020\/06\/page01-768x1086.jpg 768w, https:\/\/morrigangames.com\/wp-content\/uploads\/2020\/06\/page01-1086x1536.jpg 1086w, https:\/\/morrigangames.com\/wp-content\/uploads\/2020\/06\/page01-1448x2048.jpg 1448w, https:\/\/morrigangames.com\/wp-content\/uploads\/2020\/06\/page01-scaled.jpg 1810w\" sizes=\"(max-width: 724px) 100vw, 724px\" \/><\/figure><div class=\"wp-block-media-text__content\">\n<p class=\"has-normal-font-size\">Les <strong>Dvergars<\/strong> sont des \u00eatres menus a la peau caleuse et aux extr\u00e9mit\u00e9s noueuses, un h\u00e9ritage des <strong>G\u00e9ants de Pierre<\/strong>. Poss\u00e9dants un don inn\u00e9 pour la maitrise des arcanes et travail des pierres, ce sont des orf\u00e8vres talentueux et comptent parmi les plus r\u00e9put\u00e9s cr\u00e9ateurs d&#8217;objets runiques. Bien qu&#8217;ils poss\u00e8dent d&#8217;anciens royaumes cach\u00e9s dans les plus vieilles montagnes du monde, ils se m\u00ealent ais\u00e9ment \u00e0 leur voisins Nordes.<\/p>\n<\/div><\/div>\n<\/div>\n\n\n<p>Mais ce n&#8217;est pas tout ! Il faudra aussi compter sur les impertinents <strong>Semi-Hommes<\/strong> et leur enthousiasme parfois fort imprudent, ainsi que sur les <strong>Demi-Elfes Clairs<\/strong>, des individus souvent rejet\u00e9s par les communaut\u00e9s qui les ont vu na\u00eetre, et soucieux de prouver leur valeur.<\/p>\n\n\n<div class=\"alignwide-wrap\" data-block=\"media-text\">\n<div class=\"wp-block-media-text alignwide has-media-on-the-right is-stacked-on-mobile\"><figure class=\"wp-block-media-text__media\"><img loading=\"lazy\" width=\"724\" height=\"1024\" src=\"http:\/\/morrigangames.com\/wp-content\/uploads\/2020\/06\/page06-724x1024.jpg\" alt=\"\" class=\"wp-image-118 size-full\" srcset=\"https:\/\/morrigangames.com\/wp-content\/uploads\/2020\/06\/page06-724x1024.jpg 724w, https:\/\/morrigangames.com\/wp-content\/uploads\/2020\/06\/page06-212x300.jpg 212w, https:\/\/morrigangames.com\/wp-content\/uploads\/2020\/06\/page06-768x1086.jpg 768w, https:\/\/morrigangames.com\/wp-content\/uploads\/2020\/06\/page06-1086x1536.jpg 1086w, https:\/\/morrigangames.com\/wp-content\/uploads\/2020\/06\/page06-1448x2048.jpg 1448w, https:\/\/morrigangames.com\/wp-content\/uploads\/2020\/06\/page06-scaled.jpg 1810w\" sizes=\"(max-width: 724px) 100vw, 724px\" \/><\/figure><div class=\"wp-block-media-text__content\">\n<p class=\"has-normal-font-size\">Les <strong>Jottuns<\/strong> sont les serfs de la cruelle soci\u00e9t\u00e9 des <strong>G\u00e9ants de Givre<\/strong> qui r\u00e8gnent sur <strong>Jotunheim<\/strong>. De taille imposante, ces demi-g\u00e9ants poss\u00e8dent une \u00e9paisse peau bleut\u00e9e qui les prot\u00e8ge du climat arctique, et leurs cheveux et barbes semblent \u00eatre faits de givre et provoquent de s\u00e9rieuses engelures \u00e0 ceux qui les touchent. Leur soci\u00e9t\u00e9 est bas\u00e9e sur l\u2019ordre et la responsabilit\u00e9, chacun de ses membres ayant un r\u00f4le \u00e0 jouer au sein de la tribu. Ceux qui tentent de s\u2019y soustraire sont bannis, condamn\u00e9s \u00e0 une mort certaine sur les \u00e9tendues de glace du royaume de <strong>Thrym<\/strong>.<\/p>\n<\/div><\/div>\n<\/div>\n\n<div class=\"alignwide-wrap\" data-block=\"media-text\">\n<div class=\"wp-block-media-text alignwide is-stacked-on-mobile\"><figure class=\"wp-block-media-text__media\"><img loading=\"lazy\" width=\"724\" height=\"1024\" src=\"http:\/\/morrigangames.com\/wp-content\/uploads\/2020\/06\/page05-724x1024.jpg\" alt=\"\" class=\"wp-image-119 size-full\" srcset=\"https:\/\/morrigangames.com\/wp-content\/uploads\/2020\/06\/page05-724x1024.jpg 724w, https:\/\/morrigangames.com\/wp-content\/uploads\/2020\/06\/page05-212x300.jpg 212w, https:\/\/morrigangames.com\/wp-content\/uploads\/2020\/06\/page05-768x1086.jpg 768w, https:\/\/morrigangames.com\/wp-content\/uploads\/2020\/06\/page05-1086x1536.jpg 1086w, https:\/\/morrigangames.com\/wp-content\/uploads\/2020\/06\/page05-1448x2048.jpg 1448w, https:\/\/morrigangames.com\/wp-content\/uploads\/2020\/06\/page05-scaled.jpg 1810w\" sizes=\"(max-width: 724px) 100vw, 724px\" \/><\/figure><div class=\"wp-block-media-text__content\">\n<p class=\"has-normal-font-size\">Les <strong>Surtkins<\/strong> sont des humano\u00efdes trapus \u00e0 la peau sombre, souvent teint\u00e9e de rouge, que I\u2019on peut croiser sur le continent de <strong>Muspellheim<\/strong>. Les femmes sont g\u00e9n\u00e9ralement plus fluettes que les hommes, mais tous partagent une particularit\u00e9 extraordinaire : leurs cheveux de couleurs vives \u00e9tincellent et ondulent comme une flamme, et \u00e9mettent une douce chaleur qui peut devenir insoutenable lorsqu&#8217;ils sont en col\u00e8re. Ils ont h\u00e9rit\u00e9 des <strong>G\u00e9ants de Feu<\/strong> une incroyable r\u00e9sistance a la chaleur et un don pour la forge des m\u00e9taux. Emancip\u00e9s depuis peu de l\u2019influence <strong>Surtur<\/strong>, Titan de Feu, ils attisent encore de nombreuses suspicions de la part des autres races.<\/p>\n<\/div><\/div>\n<\/div>\n\n\n<p>Les personnages joueurs se verront confront\u00e9s en outre aux <strong>trolls <\/strong>et aux <strong>g\u00e9ants<\/strong>, serviteurs des puissances qui luttent contre les int\u00e9r\u00eats des Dieux, mais aussi aux redoutables <strong>\u00dcrr-Oks<\/strong>, des orcs sombres orientaux ayant b\u00e2tis une soci\u00e9t\u00e9 militaire brutale mais bas\u00e9e sur l&#8217;honneur, ou encore les terrifiants <strong>Draugar<\/strong>, les noy\u00e9s sans-repos. Certaines l\u00e9gendes sugg\u00e8rent l&#8217;existence d&#8217;<strong>Elfes Sombres<\/strong> qui r\u00e8gneraient sur le royaume souterrain de <strong>Svartalfheim<\/strong>, mais l&#8217;on ne pr\u00eate gu\u00e8re attention \u00e0 ces histoires pour enfants.<\/p>\n\n\n\n<p class=\"has-text-align-center has-large-font-size\"><strong>Un Panth\u00e9on revisit\u00e9<\/strong><\/p>\n\n\n\n<p>Les <strong>Royaumes C\u00e9lestes<\/strong>, compos\u00e9s des <strong>Champs de bataille d\u2019Idavoll<\/strong>, des immenses jardins naturels de <strong>Vanaheim<\/strong> et de la majestueuse cit\u00e9 d\u2019<strong>Asgard<\/strong>, abritent une multitude de divinit\u00e9s. Divis\u00e9s en deux familles, les<strong> Ases <\/strong>(li\u00e9s \u00e0 la civilisation) et les <strong>Vanes<\/strong> (li\u00e9s \u00e0 la nature) veillent sur Midgard depuis des mill\u00e9naires, offrant leurs dons et leurs b\u00e9n\u00e9dictions aux mortels qui s\u2019en montrent dignes.<\/p>\n\n\n\n<p>Dix-huit divinit\u00e9s majeures sont d\u00e9crites en d\u00e9tail dans l\u2019<strong>Atlas<\/strong>, parmi lesquelles vous retrouverez :<\/p>\n\n\n\n<ul><li>Odin, P\u00e8re de Toutes Choses, le Dieu Borgne<\/li><li>Frigga, Reine du Ciel, la Proph\u00e9tesse<\/li><li>Thor, le Fl\u00e9au des G\u00e9ants<\/li><li>Frey, le Faiseur de Pluies<\/li><li>Heimdall, le Gardien du Bifr\u00f6st<\/li><li>Hel, la D\u00e9esse aux Deux Visages<\/li><li>Et bien d\u2019autres\u2026<\/li><\/ul>\n\n\n\n<p>Lorsque le besoin s\u2019en fait sentir, <strong>Odin<\/strong> envoie ses <strong>Walkyries<\/strong> s\u00e9lectionner les mortels les plus prometteurs. Les \u00e9lus se voient octroyer la marque du <strong>Valknut<\/strong>, d\u00e9sign\u00e9s ainsi en tant que <strong>Einherjar<\/strong>. Cette rune magique appos\u00e9e sur leur corps, ces guerriers honorables et valeureux se trouvent investis des pouvoirs des dieux et de leurs desseins.<\/p>\n\n\n<div class=\"wp-block-image\">\n<figure class=\"aligncenter size-full\"><img loading=\"lazy\" width=\"240\" height=\"240\" src=\"http:\/\/morrigangames.com\/wp-content\/uploads\/2022\/10\/Valknut1v2.png\" alt=\"\" class=\"wp-image-277\" srcset=\"https:\/\/morrigangames.com\/wp-content\/uploads\/2022\/10\/Valknut1v2.png 240w, https:\/\/morrigangames.com\/wp-content\/uploads\/2022\/10\/Valknut1v2-150x150.png 150w\" sizes=\"(max-width: 240px) 100vw, 240px\" \/><\/figure><\/div>\n\n\n<h2 class=\"has-text-align-center\">Les Pierres d&#8217;Aegir<\/h2>\n\n\n<div class=\"alignwide-wrap\" data-block=\"image\">\n<figure class=\"wp-block-image alignwide size-large\"><img loading=\"lazy\" width=\"724\" height=\"1024\" src=\"http:\/\/morrigangames.com\/wp-content\/uploads\/2020\/08\/page01-724x1024.jpg\" alt=\"\" class=\"wp-image-152\" srcset=\"https:\/\/morrigangames.com\/wp-content\/uploads\/2020\/08\/page01-724x1024.jpg 724w, https:\/\/morrigangames.com\/wp-content\/uploads\/2020\/08\/page01-212x300.jpg 212w, https:\/\/morrigangames.com\/wp-content\/uploads\/2020\/08\/page01-768x1086.jpg 768w, https:\/\/morrigangames.com\/wp-content\/uploads\/2020\/08\/page01-1086x1536.jpg 1086w, https:\/\/morrigangames.com\/wp-content\/uploads\/2020\/08\/page01-1448x2048.jpg 1448w, https:\/\/morrigangames.com\/wp-content\/uploads\/2020\/08\/page01-scaled.jpg 1810w\" sizes=\"(max-width: 724px) 100vw, 724px\" \/><\/figure>\n<\/div>\n\n\n<p>\u201c<strong>Les Pierres d\u2019A\u00e9gir<\/strong>\u201d est une campagne \u00e9pique en trois volumes, au cours de laquelle la qu\u00eate de vengeance des personnages joueurs les m\u00e8nera sur la route des sombres desseins d\u2019une entit\u00e9 oubli\u00e9e. Guid\u00e9s par les Dieux et leurs alli\u00e9s, ils se dresseront face \u00e0 la menace aux cours d\u2019affrontements dantesques.<\/p>\n\n\n<div class=\"alignwide-wrap\" data-block=\"media-text\">\n<div class=\"wp-block-media-text alignwide is-stacked-on-mobile\"><figure class=\"wp-block-media-text__media\"><img loading=\"lazy\" width=\"992\" height=\"1024\" src=\"http:\/\/morrigangames.com\/wp-content\/uploads\/2020\/05\/bouclier-992x1024.png\" alt=\"\" class=\"wp-image-77 size-full\" srcset=\"https:\/\/morrigangames.com\/wp-content\/uploads\/2020\/05\/bouclier-992x1024.png 992w, https:\/\/morrigangames.com\/wp-content\/uploads\/2020\/05\/bouclier-291x300.png 291w, https:\/\/morrigangames.com\/wp-content\/uploads\/2020\/05\/bouclier-768x793.png 768w, https:\/\/morrigangames.com\/wp-content\/uploads\/2020\/05\/bouclier.png 1120w\" sizes=\"(max-width: 992px) 100vw, 992px\" \/><\/figure><div class=\"wp-block-media-text__content\">\n<ul><li>Un <strong>prologue<\/strong>&nbsp;se situant 10 ans avant les \u00e9v\u00e9nements de la campagne et qui int\u00e8gre la cr\u00e9ation de personnage et soude les protagonistes !<\/li><li>Les <strong>15 scenarios<\/strong> am\u00e8nent les personnages joueurs jusqu&#8217;au <strong>niveau 14<\/strong>. Exploration du monde et de ses rigueurs, enqu\u00eates, donjons, champs de bataille et batailles navales ne sont qu&#8217;un aper\u00e7u des p\u00e9rip\u00e9ties qui attendent les personnages durant leur saga.<\/li><\/ul>\n<\/div><\/div>\n<\/div>\n\n\n<p class=\"has-text-align-center\">Prenez part \u00e0 cette aventure o\u00f9 la \u201c<strong>High Fantasy<\/strong>\u201d se m\u00eale aux l\u00e9gendes traditionnelles nordiques. Vos noms seront ils immortalis\u00e9s par les chansons des scaldes, r\u00e9sonnants dans les \u00e9ternels halls d\u2019Asgard ? Ou le temps effacera t\u2019il lentement toute preuve de votre existence ?<\/p>\n\n\n\n<p class=\"has-text-align-center has-large-font-size\"><strong>Prouvez que vous avez en vous ce qu&#8217;il faut pour devenir un \u00e9lu du P\u00e8re de Toutes Choses !<\/strong><\/p>\n","protected":false},"excerpt":{"rendered":"<div class=\"entry-summary\">\n<div class=\"entry-summary\">\nEINHERJAR, QU\u2019EST CE C&#8217;EST ? Une saga \u00e9pique&#8230; Une campagne \u00e9pique en 3 volumes : Les Pierres d&#8217;A\u00e9gir Un prologue int\u00e9grant la cr\u00e9ation de personnages 15 scenarios menant les joueurs jusqu&#8217;au niveau 14 Plus de 600 pages d&#8217;aventures Enti\u00e8rement compatible&hellip;\n<\/div>\n<div class=\"link-more\"><a href=\"https:\/\/morrigangames.com\/index.php\/einherjar\/\" class=\"more-link\">Continue reading<span class=\"screen-reader-text\"> &ldquo;Einherjar&rdquo;<\/span>&hellip;<\/a><\/div>\n<\/div>\n<div class=\"link-more\"><a href=\"https:\/\/morrigangames.com\/index.php\/einherjar\/\" class=\"more-link\">Continue reading<span class=\"screen-reader-text\"> &ldquo;Einherjar&rdquo;<\/span>&hellip;<\/a><\/div>\n","protected":false},"author":3,"featured_media":0,"parent":0,"menu_order":0,"comment_status":"closed","ping_status":"closed","template":"templates\/no-intro.php","meta":[],"acf":[],"_links":{"self":[{"href":"https:\/\/morrigangames.com\/index.php\/wp-json\/wp\/v2\/pages\/36"}],"collection":[{"href":"https:\/\/morrigangames.com\/index.php\/wp-json\/wp\/v2\/pages"}],"about":[{"href":"https:\/\/morrigangames.com\/index.php\/wp-json\/wp\/v2\/types\/page"}],"author":[{"embeddable":true,"href":"https:\/\/morrigangames.com\/index.php\/wp-json\/wp\/v2\/users\/3"}],"replies":[{"embeddable":true,"href":"https:\/\/morrigangames.com\/index.php\/wp-json\/wp\/v2\/comments?post=36"}],"version-history":[{"count":53,"href":"https:\/\/morrigangames.com\/index.php\/wp-json\/wp\/v2\/pages\/36\/revisions"}],"predecessor-version":[{"id":306,"href":"https:\/\/morrigangames.com\/index.php\/wp-json\/wp\/v2\/pages\/36\/revisions\/306"}],"wp:attachment":[{"href":"https:\/\/morrigangames.com\/index.php\/wp-json\/wp\/v2\/media?parent=36"}],"curies":[{"name":"wp","href":"https:\/\/api.w.org\/{rel}","templated":true}]}}