{"id":314,"date":"2024-12-16T12:18:48","date_gmt":"2024-12-16T11:18:48","guid":{"rendered":"https:\/\/morrigangames.com\/?page_id=314"},"modified":"2025-05-20T10:46:54","modified_gmt":"2025-05-20T08:46:54","slug":"le-jeu-de-societe","status":"publish","type":"page","link":"https:\/\/morrigangames.com\/index.php\/le-jeu-de-societe\/","title":{"rendered":"Le jeu de soci\u00e9t\u00e9"},"content":{"rendered":"\n\n\t\t\t\t<img src=\"http:\/\/morrigangames.com\/wp-content\/uploads\/2025\/02\/Jeu.png\" alt=\"Jeu\" itemprop=\"image\" title=\"Jeu\" onerror=\"this.style.display='none'\"  \/>\n<h2>\n\t\tLa campagne Gamefound est lanc\u00e9e !\n\t<\/h2>\n\t<p><em>Space Station<\/em>, le jeu de soci\u00e9t\u00e9 est un jeu coop\u00e9ratif avec application.<\/p>\n<p>Prenez les commandes d&#8217;un \u00e9quipage de station spatiale, et soyez confront\u00e9s \u00e0 toutes sortes de catastrophes !<\/p>\n<p>Ensemble, prenez les bonnes d\u00e9cisions afin de r\u00e9tablir l&#8217;int\u00e9grit\u00e9 et le bon fonctionnement de la station, tout en jaugeant les risques encourus et le temps pris.<\/p>\n<p>&nbsp;<\/p>\n\t<p>La page du jeu sur Gamefound est ouverte !<\/p>\n\t\t\t\t<a href=\"https:\/\/gamefound.com\/projects\/morrigan-games\/space-station?refcode=uv4md4nitUioyHzDCqfaXg\" target=\"_self\" itemprop=\"url\" rel=\"noopener\">\n\t\t\t\t<img src=\"http:\/\/morrigangames.com\/wp-content\/uploads\/2025\/02\/Gamefound_logo.png\" alt=\"Gamefound_logo\" itemprop=\"image\" title=\"Gamefound_logo\" onerror=\"this.style.display='none'\"  \/>\n\t\t\t\t<\/a>\n\n","protected":false},"excerpt":{"rendered":"<div class=\"entry-summary\">\n<div class=\"entry-summary\">\nLa campagne Gamefound est lanc\u00e9e ! Space Station, le jeu de soci\u00e9t\u00e9 est un jeu coop\u00e9ratif avec application. Prenez les commandes d&#8217;un \u00e9quipage de station spatiale, et soyez confront\u00e9s \u00e0 toutes sortes de catastrophes ! Ensemble, prenez les bonnes d\u00e9cisions&hellip;\n<\/div>\n<div class=\"link-more\"><a href=\"https:\/\/morrigangames.com\/index.php\/le-jeu-de-societe\/\" class=\"more-link\">Continue reading<span class=\"screen-reader-text\"> &ldquo;Le jeu de soci\u00e9t\u00e9&rdquo;<\/span>&hellip;<\/a><\/div>\n<\/div>\n<div class=\"link-more\"><a href=\"https:\/\/morrigangames.com\/index.php\/le-jeu-de-societe\/\" class=\"more-link\">Continue reading<span class=\"screen-reader-text\"> &ldquo;Le jeu de soci\u00e9t\u00e9&rdquo;<\/span>&hellip;<\/a><\/div>\n","protected":false},"author":2,"featured_media":0,"parent":0,"menu_order":0,"comment_status":"closed","ping_status":"closed","template":"","meta":[],"acf":[],"_links":{"self":[{"href":"https:\/\/morrigangames.com\/index.php\/wp-json\/wp\/v2\/pages\/314"}],"collection":[{"href":"https:\/\/morrigangames.com\/index.php\/wp-json\/wp\/v2\/pages"}],"about":[{"href":"https:\/\/morrigangames.com\/index.php\/wp-json\/wp\/v2\/types\/page"}],"author":[{"embeddable":true,"href":"https:\/\/morrigangames.com\/index.php\/wp-json\/wp\/v2\/users\/2"}],"replies":[{"embeddable":true,"href":"https:\/\/morrigangames.com\/index.php\/wp-json\/wp\/v2\/comments?post=314"}],"version-history":[{"count":5,"href":"https:\/\/morrigangames.com\/index.php\/wp-json\/wp\/v2\/pages\/314\/revisions"}],"predecessor-version":[{"id":400,"href":"https:\/\/morrigangames.com\/index.php\/wp-json\/wp\/v2\/pages\/314\/revisions\/400"}],"wp:attachment":[{"href":"https:\/\/morrigangames.com\/index.php\/wp-json\/wp\/v2\/media?parent=314"}],"curies":[{"name":"wp","href":"https:\/\/api.w.org\/{rel}","templated":true}]}}