{"id":313,"date":"2024-12-16T12:18:48","date_gmt":"2024-12-16T11:18:48","guid":{"rendered":"https:\/\/morrigangames.com\/?page_id=313"},"modified":"2025-01-02T12:08:46","modified_gmt":"2025-01-02T11:08:46","slug":"mars-ne-repond-plus","status":"publish","type":"page","link":"https:\/\/morrigangames.com\/index.php\/mars-ne-repond-plus\/","title":{"rendered":"MARS ne r\u00e9pond plus"},"content":{"rendered":"\n\n\t<iframe loading=\"lazy\" src=\"https:\/\/store.steampowered.com\/widget\/3181780\/\" frameborder=\"0\" width=\"646\" height=\"190\"><\/iframe>\n    <a href=\"https:\/\/apps.apple.com\/us\/app\/space-station-adventure\/id6667121030?itscg=30200&#038;itsct=apps_box_badge&#038;mttnsubad=6667121030\">\n    <img src=\"https:\/\/toolbox.marketingtools.apple.com\/api\/v2\/badges\/download-on-the-app-store\/black\/en-us?releaseDate=1735776000\" alt=\"Download on the App Store\" \/>\n    <\/a>\n\t<a href='http:\/\/play.google.com\/store\/apps\/details?id=com.MorriganGames.SpaceStationAdventure'>\n<img alt='Get it on Google Play' src='https:\/\/play.google.com\/intl\/en_us\/badges\/static\/images\/badges\/en_badge_web_generic.png' style= height: 82px;\"\/>\n<\/a>\n\t\t\t\t<img src=\"http:\/\/morrigangames.com\/wp-content\/uploads\/2024\/12\/gogol_french.png\" alt=\"gogol_french\" itemprop=\"image\" title=\"gogol_french\" onerror=\"this.style.display='none'\"  \/>\n\t<p><em>Space Station Adventure: Mars ne r\u00e9pond plus\u00a0!<\/em><\/p>\n<p>Une station martienne n&#8217;\u00e9met plus\u00a0! La Compagnie envoie un technicien sous-qualifi\u00e9 et sous-\u00e9quip\u00e9 pour r\u00e9gler le probl\u00e8me. Portera-t-il seul le poids des attentes de la Super-Corporation\u00a0?<\/p>\n<p><strong>Non\u00a0! <\/strong><\/p>\n<p>Incarnez l&#8217;intelligence artificielle de son ordinateur personnel et aidez-le \u00e0 remporter les d\u00e9fis qui l&#8217;attendent\u00a0!<\/p>\n<p>A travers plusieurs chapitres remplis de mini-jeux, d\u00e9veloppez la personnalit\u00e9 de l&#8217;IA, gagnez la confiance de vos coll\u00e8gues biologiques et guidez-les \u00e0 travers cette aventure interactive o\u00f9 chacune de vos d\u00e9cisions peut d\u00e9cider du destin de tous\u00a0!<\/p>\n<p>Cette histoire \u00e0 choix multiples vous offre de nombreux embranchements \u00e0 \u00e9viter ou \u00e0 suivre, chacun proposant des intrigues diff\u00e9rentes et des d\u00e9nouements vari\u00e9s\u00a0!<\/p>\n<p><strong>Caract\u00e9ristiques<\/strong><\/p>\n<ul>\n<li>Un jeu textuel immersif\u00a0: vivez l&#8217;aventure \u00e0 travers les capteurs de l&#8217;IA<\/li>\n<li>De nombreux mini-jeux impactants\u00a0: l&#8217;\u00e9chec ouvre parfois de nouvelles portes\u00a0!<\/li>\n<li>Une histoire non lin\u00e9aire\u00a0: votre route comporte de nombreux embranchements, menant \u00e0 une multitude de d\u00e9nouements\u00a0!<\/li>\n<li>Des opportunit\u00e9s de d\u00e9veloppement diverses et vari\u00e9es\u00a0: deviendrez-vous une application indispensable ou une IA malveillante\u00a0? Surmonterez-vous les aprioris de vos coll\u00e8gues biologiques ou trahirez-vous leur confiance\u00a0?<\/li>\n<li>Une exp\u00e9rience narrative humaine et poignante\u00a0!<\/li>\n<\/ul>\n<p><strong>Gameplay<\/strong><\/p>\n<ul>\n<li>Prenez les d\u00e9cisions de l&#8217;IA et promulguez de bons conseils \u00e0 votre technicien humain.<\/li>\n<li>Interagissez avec l&#8217;environnement ou avec des \u00e9l\u00e9ments techniques.<\/li>\n<li>Consultez des informations dans votre base de donn\u00e9es.<\/li>\n<li>Revenez \u00e0 certains points de l&#8217;histoire gr\u00e2ce aux Checkpoints pour tester d&#8217;autres chemins.<\/li>\n<\/ul>\n<p><strong>Un contenu riche<\/strong><\/p>\n<ul>\n<li>7 d\u00e9nouements sont \u00e0 d\u00e9couvrir, chacun avec une multitude de variations<\/li>\n<li>Une histoire de plus de 100.000 mots<\/li>\n<li>36 succ\u00e8s \u00e0 d\u00e9bloquer<\/li>\n<li>Aucune microtransaction, payez une fois pour le jeu complet<\/li>\n<li>Rejouer l&#8217;histoire de nombreuses fois pour en d\u00e9couvrir tous les secrets<\/li>\n<\/ul>\n\n","protected":false},"excerpt":{"rendered":"<div class=\"entry-summary\">\n<div class=\"link-more\"><a href=\"https:\/\/morrigangames.com\/index.php\/mars-ne-repond-plus\/\" class=\"more-link\">Continue reading<span class=\"screen-reader-text\"> &ldquo;MARS ne r\u00e9pond plus&rdquo;<\/span>&hellip;<\/a><\/div>\n<\/div>\n<div class=\"link-more\"><a href=\"https:\/\/morrigangames.com\/index.php\/mars-ne-repond-plus\/\" class=\"more-link\">Continue reading<span class=\"screen-reader-text\"> &ldquo;MARS ne r\u00e9pond plus&rdquo;<\/span>&hellip;<\/a><\/div>\n","protected":false},"author":2,"featured_media":0,"parent":0,"menu_order":0,"comment_status":"closed","ping_status":"closed","template":"","meta":[],"acf":[],"_links":{"self":[{"href":"https:\/\/morrigangames.com\/index.php\/wp-json\/wp\/v2\/pages\/313"}],"collection":[{"href":"https:\/\/morrigangames.com\/index.php\/wp-json\/wp\/v2\/pages"}],"about":[{"href":"https:\/\/morrigangames.com\/index.php\/wp-json\/wp\/v2\/types\/page"}],"author":[{"embeddable":true,"href":"https:\/\/morrigangames.com\/index.php\/wp-json\/wp\/v2\/users\/2"}],"replies":[{"embeddable":true,"href":"https:\/\/morrigangames.com\/index.php\/wp-json\/wp\/v2\/comments?post=313"}],"version-history":[{"count":5,"href":"https:\/\/morrigangames.com\/index.php\/wp-json\/wp\/v2\/pages\/313\/revisions"}],"predecessor-version":[{"id":383,"href":"https:\/\/morrigangames.com\/index.php\/wp-json\/wp\/v2\/pages\/313\/revisions\/383"}],"wp:attachment":[{"href":"https:\/\/morrigangames.com\/index.php\/wp-json\/wp\/v2\/media?parent=313"}],"curies":[{"name":"wp","href":"https:\/\/api.w.org\/{rel}","templated":true}]}}