{"id":240,"date":"2022-09-29T17:27:26","date_gmt":"2022-09-29T15:27:26","guid":{"rendered":"http:\/\/morrigangames.com\/index.php\/english\/"},"modified":"2025-05-20T10:40:47","modified_gmt":"2025-05-20T08:40:47","slug":"english","status":"publish","type":"page","link":"https:\/\/morrigangames.com\/index.php\/en\/english\/","title":{"rendered":""},"content":{"rendered":"\n<h2>Welcome to Morrigan Games<\/h2>\n\n\n\n<p class=\"has-extra-large-font-size\">We are a young studio that aims to provide players with exciting adventures, regardless of the medium.<\/p>\n\n\n\n<figure class=\"wp-block-image size-large\"><a href=\"La page Gamefound du jeu de plateau SPACE STATION est ouverte en preview ! N\u2019h\u00e9sitez pas \u00e0 y jeter un oeil \u00e0 nous faire des retours ici.\"><img loading=\"lazy\" width=\"1024\" height=\"576\" src=\"http:\/\/morrigangames.com\/wp-content\/uploads\/2025\/02\/Jeu-1024x576.png\" alt=\"\" class=\"wp-image-387\" srcset=\"https:\/\/morrigangames.com\/wp-content\/uploads\/2025\/02\/Jeu-1024x576.png 1024w, https:\/\/morrigangames.com\/wp-content\/uploads\/2025\/02\/Jeu-300x169.png 300w, https:\/\/morrigangames.com\/wp-content\/uploads\/2025\/02\/Jeu-768x432.png 768w, https:\/\/morrigangames.com\/wp-content\/uploads\/2025\/02\/Jeu-1536x864.png 1536w, https:\/\/morrigangames.com\/wp-content\/uploads\/2025\/02\/Jeu.png 1920w\" sizes=\"(max-width: 1024px) 100vw, 1024px\" \/><\/a><\/figure>\n\n\n\n<h2>The Gamefound campaign is live!<\/h2>\n\n\n\n<p>The crowdfundnig campaign on Gamefound has launched!<\/p>\n\n\n\n<p>Explore space and face its danger\u00a0<a href=\"https:\/\/gamefound.com\/projects\/morrigan-games\/space-station?refcode=uv4md4nitUioyHzDCqfaXg\">here<\/a>.<\/p>\n\n\n\n<p>Find out more on the <a href=\"https:\/\/morrigangames.com\/index.php\/en\/le-jeu-de-societe-copy\/\" data-type=\"page\" data-id=\"342\">dedicated page<\/a>.<\/p>\n\n\n\n<hr class=\"wp-block-separator has-css-opacity is-style-wide\"\/>\n\n\n\n<figure class=\"wp-block-image size-large\"><img loading=\"lazy\" width=\"1024\" height=\"258\" src=\"http:\/\/morrigangames.com\/wp-content\/uploads\/2024\/12\/library_logo_transparent-e1734364783385-1024x258.png\" alt=\"\" class=\"wp-image-353\" srcset=\"https:\/\/morrigangames.com\/wp-content\/uploads\/2024\/12\/library_logo_transparent-e1734364783385-1024x258.png 1024w, https:\/\/morrigangames.com\/wp-content\/uploads\/2024\/12\/library_logo_transparent-e1734364783385-300x76.png 300w, https:\/\/morrigangames.com\/wp-content\/uploads\/2024\/12\/library_logo_transparent-e1734364783385-768x194.png 768w, https:\/\/morrigangames.com\/wp-content\/uploads\/2024\/12\/library_logo_transparent-e1734364783385.png 1280w\" sizes=\"(max-width: 1024px) 100vw, 1024px\" \/><\/figure>\n\n\n\n<p><strong>Space Station Adventure<\/strong><em>&nbsp;No response from MARS<\/em>&nbsp;is available now! Embark on a Science-Fiction journey and navigate through a story full of twists and turns!<\/p>\n\n\n\n<p>Find out more on the <a href=\"https:\/\/morrigangames.com\/index.php\/en\/mars-ne-repond-plus-copy\/\" data-type=\"page\" data-id=\"338\">dedicated page<\/a>.<\/p>\n\n\n\n<div style=\"height:50px\" aria-hidden=\"true\" class=\"wp-block-spacer\"><\/div>\n\n\n\n<hr class=\"wp-block-separator has-alpha-channel-opacity\"\/>\n\n\n\n<div style=\"height:50px\" aria-hidden=\"true\" class=\"wp-block-spacer\"><\/div>\n\n\n\n<h2 class=\"has-text-align-center\">Don&#8217;t miss any news<\/h2>\n\n\n\n<p class=\"has-text-align-center\">Subscribe to our newsletter to receive the latest news about our current and upcoming projects.<\/p>\n\n\n\n<div class=\"wp-block-button aligncenter\"><a class=\"wp-block-button__link has-color-intro-text-mod-background-color has-background\" href=\"http:\/\/eepurl.com\/gVTP31\">SUBSCRIBE \u2192<\/a><\/div>\n\n\n\n<hr class=\"wp-block-separator has-css-opacity is-style-wide\"\/>\n\n\n\n<p>They support us:<\/p>\n\n\n\n<div class=\"wp-container-3 wp-block-columns\">\n<div class=\"wp-container-1 wp-block-column\">\n<figure class=\"wp-block-image size-large is-resized\"><img loading=\"lazy\" src=\"http:\/\/morrigangames.com\/wp-content\/uploads\/2021\/06\/frenchtech.png\" alt=\"\" class=\"wp-image-201\" width=\"181\" height=\"181\" srcset=\"https:\/\/morrigangames.com\/wp-content\/uploads\/2021\/06\/frenchtech.png 454w, https:\/\/morrigangames.com\/wp-content\/uploads\/2021\/06\/frenchtech-300x300.png 300w, https:\/\/morrigangames.com\/wp-content\/uploads\/2021\/06\/frenchtech-150x150.png 150w\" sizes=\"(max-width: 181px) 100vw, 181px\" \/><\/figure>\n<\/div>\n\n\n\n<div class=\"wp-container-2 wp-block-column is-vertically-aligned-center\"><div class=\"wp-block-image\">\n<figure class=\"aligncenter size-large is-resized\"><img loading=\"lazy\" src=\"http:\/\/morrigangames.com\/wp-content\/uploads\/2021\/06\/LOGO_REGION_RVB-BLEU-GRIS-1024x237.png\" alt=\"\" class=\"wp-image-202\" width=\"328\" height=\"75\" srcset=\"https:\/\/morrigangames.com\/wp-content\/uploads\/2021\/06\/LOGO_REGION_RVB-BLEU-GRIS-1024x237.png 1024w, https:\/\/morrigangames.com\/wp-content\/uploads\/2021\/06\/LOGO_REGION_RVB-BLEU-GRIS-300x69.png 300w, https:\/\/morrigangames.com\/wp-content\/uploads\/2021\/06\/LOGO_REGION_RVB-BLEU-GRIS-768x178.png 768w, https:\/\/morrigangames.com\/wp-content\/uploads\/2021\/06\/LOGO_REGION_RVB-BLEU-GRIS.png 1313w\" sizes=\"(max-width: 328px) 100vw, 328px\" \/><\/figure><\/div><\/div>\n<\/div>\n","protected":false},"excerpt":{"rendered":"<div class=\"entry-summary\">\n<div class=\"entry-summary\">\nWelcome to Morrigan Games We are a young studio that aims to provide players with exciting adventures, regardless of the medium. The Gamefound campaign is live! The crowdfundnig campaign on Gamefound has launched! Explore space and face its danger\u00a0here. Find&hellip;\n<\/div>\n<div class=\"link-more\"><a href=\"https:\/\/morrigangames.com\/index.php\/en\/english\/\" class=\"more-link\">Continue reading&hellip;<\/a><\/div>\n<\/div>\n<div class=\"link-more\"><a href=\"https:\/\/morrigangames.com\/index.php\/en\/english\/\" class=\"more-link\">Continue reading&hellip;<\/a><\/div>\n","protected":false},"author":2,"featured_media":0,"parent":0,"menu_order":0,"comment_status":"closed","ping_status":"closed","template":"templates\/intro-widgets.php","meta":[],"acf":[],"_links":{"self":[{"href":"https:\/\/morrigangames.com\/index.php\/wp-json\/wp\/v2\/pages\/240"}],"collection":[{"href":"https:\/\/morrigangames.com\/index.php\/wp-json\/wp\/v2\/pages"}],"about":[{"href":"https:\/\/morrigangames.com\/index.php\/wp-json\/wp\/v2\/types\/page"}],"author":[{"embeddable":true,"href":"https:\/\/morrigangames.com\/index.php\/wp-json\/wp\/v2\/users\/2"}],"replies":[{"embeddable":true,"href":"https:\/\/morrigangames.com\/index.php\/wp-json\/wp\/v2\/comments?post=240"}],"version-history":[{"count":11,"href":"https:\/\/morrigangames.com\/index.php\/wp-json\/wp\/v2\/pages\/240\/revisions"}],"predecessor-version":[{"id":398,"href":"https:\/\/morrigangames.com\/index.php\/wp-json\/wp\/v2\/pages\/240\/revisions\/398"}],"wp:attachment":[{"href":"https:\/\/morrigangames.com\/index.php\/wp-json\/wp\/v2\/media?parent=240"}],"curies":[{"name":"wp","href":"https:\/\/api.w.org\/{rel}","templated":true}]}}