{"id":11,"date":"2020-03-30T14:02:44","date_gmt":"2020-03-30T12:02:44","guid":{"rendered":"http:\/\/morrigangames.com\/?page_id=11"},"modified":"2020-05-26T15:26:35","modified_gmt":"2020-05-26T13:26:35","slug":"a-propos-de","status":"publish","type":"page","link":"https:\/\/morrigangames.com\/index.php\/a-propos-de\/","title":{"rendered":"\u00c0 propos de"},"content":{"rendered":"\n<h2>Morrigan Games<\/h2>\n\n\n\n<p class=\"has-large-font-size\">Jeune soci\u00e9t\u00e9 cr\u00e9\u00e9e en 2019 dans la r\u00e9gion Lyonnaise, en France.<\/p>\n\n\n\n<p>N&#8217;h\u00e9sitez pas \u00e0 nous contacter via notre Facebook ou notre Discord, nous sommes \u00e0 votre disposition pour tout renseignement concernant nos projets.<\/p>\n\n\n\n<hr class=\"wp-block-separator is-style-wide\"\/>\n\n\n<div class=\"wp-container-3 alignwide-wrap\" data-block=\"columns\">\n<div class=\"wp-block-columns alignwide has-2-columns\">\n<div class=\"wp-container-1 wp-block-column\">\n<h3 class=\"has-display-2-font-size\">2020<\/h3>\n<\/div>\n\n\n\n<div class=\"wp-container-2 wp-block-column\">\n<p>La crise sanitaire mondiale repousse la campagne d&#8217;<a href=\"http:\/\/morrigangames.com\/index.php\/einherjar\/\">Einherjar<\/a>. Nous esp\u00e9rons que vous \u00eates tous sains et saufs !<\/p>\n\n\n\n<p>Morrigan Games participe au Festival International des Jeux \u00e0 Cannes !<\/p>\n<\/div>\n<\/div>\n<\/div>\n\n\n<div style=\"height:100px\" aria-hidden=\"true\" class=\"wp-block-spacer\"><\/div>\n\n\n<div class=\"wp-container-6 alignwide-wrap\" data-block=\"columns\">\n<div class=\"wp-block-columns alignwide has-2-columns\">\n<div class=\"wp-container-4 wp-block-column\">\n<h3 class=\"has-display-2-font-size\">2019<\/h3>\n<\/div>\n\n\n\n<div class=\"wp-container-5 wp-block-column\">\n<p>L&#8217;\u00e9criture et les tests d&#8217;<a href=\"http:\/\/morrigangames.com\/index.php\/einherjar\/\">Einherjar<\/a> suivent leurs cours.<\/p>\n\n\n\n<p>Morrigan Games est n\u00e9e !<\/p>\n<\/div>\n<\/div>\n<\/div>\n\n\n<div style=\"height:30px\" aria-hidden=\"true\" class=\"wp-block-spacer\"><\/div>\n\n\n\n<div class=\"wp-block-image\"><figure class=\"aligncenter size-large is-resized\"><img loading=\"lazy\" src=\"http:\/\/morrigangames.com\/wp-content\/uploads\/2020\/05\/bouclier-992x1024.png\" alt=\"\" class=\"wp-image-77\" width=\"333\" height=\"343\" srcset=\"https:\/\/morrigangames.com\/wp-content\/uploads\/2020\/05\/bouclier-992x1024.png 992w, https:\/\/morrigangames.com\/wp-content\/uploads\/2020\/05\/bouclier-291x300.png 291w, https:\/\/morrigangames.com\/wp-content\/uploads\/2020\/05\/bouclier-768x793.png 768w, https:\/\/morrigangames.com\/wp-content\/uploads\/2020\/05\/bouclier.png 1120w\" sizes=\"(max-width: 333px) 100vw, 333px\" \/><\/figure><\/div>\n\n\n\n<p><\/p>\n","protected":false},"excerpt":{"rendered":"<div class=\"entry-summary\">\n<div class=\"entry-summary\">\nMorrigan Games Jeune soci\u00e9t\u00e9 cr\u00e9\u00e9e en 2019 dans la r\u00e9gion Lyonnaise, en France. N&#8217;h\u00e9sitez pas \u00e0 nous contacter via notre Facebook ou notre Discord, nous sommes \u00e0 votre disposition pour tout renseignement concernant nos projets. 2020 La crise sanitaire mondiale&hellip;\n<\/div>\n<div class=\"link-more\"><a href=\"https:\/\/morrigangames.com\/index.php\/a-propos-de\/\" class=\"more-link\">Continue reading<span class=\"screen-reader-text\"> &ldquo;\u00c0 propos de&rdquo;<\/span>&hellip;<\/a><\/div>\n<\/div>\n<div class=\"link-more\"><a href=\"https:\/\/morrigangames.com\/index.php\/a-propos-de\/\" class=\"more-link\">Continue reading<span class=\"screen-reader-text\"> &ldquo;\u00c0 propos de&rdquo;<\/span>&hellip;<\/a><\/div>\n","protected":false},"author":1,"featured_media":0,"parent":0,"menu_order":0,"comment_status":"closed","ping_status":"closed","template":"","meta":[],"acf":[],"_links":{"self":[{"href":"https:\/\/morrigangames.com\/index.php\/wp-json\/wp\/v2\/pages\/11"}],"collection":[{"href":"https:\/\/morrigangames.com\/index.php\/wp-json\/wp\/v2\/pages"}],"about":[{"href":"https:\/\/morrigangames.com\/index.php\/wp-json\/wp\/v2\/types\/page"}],"author":[{"embeddable":true,"href":"https:\/\/morrigangames.com\/index.php\/wp-json\/wp\/v2\/users\/1"}],"replies":[{"embeddable":true,"href":"https:\/\/morrigangames.com\/index.php\/wp-json\/wp\/v2\/comments?post=11"}],"version-history":[{"count":2,"href":"https:\/\/morrigangames.com\/index.php\/wp-json\/wp\/v2\/pages\/11\/revisions"}],"predecessor-version":[{"id":87,"href":"https:\/\/morrigangames.com\/index.php\/wp-json\/wp\/v2\/pages\/11\/revisions\/87"}],"wp:attachment":[{"href":"https:\/\/morrigangames.com\/index.php\/wp-json\/wp\/v2\/media?parent=11"}],"curies":[{"name":"wp","href":"https:\/\/api.w.org\/{rel}","templated":true}]}}